{"id":900,"date":"2024-06-29T09:16:46","date_gmt":"2024-06-29T09:16:46","guid":{"rendered":"https:\/\/aknotraction.hr\/?page_id=900"},"modified":"2024-07-26T05:24:58","modified_gmt":"2024-07-26T05:24:58","slug":"prijave-za-7-no-traction-weekend-10-godina-ak-no-traction","status":"publish","type":"page","link":"https:\/\/aknotraction.hr\/?page_id=900","title":{"rendered":"PRIJAVE ZA 7. NO TRACTION WEEKEND &amp; 10 godina AK NO TRACTION"},"content":{"rendered":"\n<figure class=\"wp-block-gallery has-nested-images columns-default is-cropped wp-block-gallery-1 is-layout-flex wp-block-gallery-is-layout-flex\">\n<figure class=\"wp-block-image size-large\"><img fetchpriority=\"high\" decoding=\"async\" width=\"1024\" height=\"582\" data-id=\"901\" src=\"https:\/\/aknotraction.hr\/wp-content\/uploads\/2024\/06\/viber_slika_2024-06-22_12-51-13-003-1024x582.jpg\" alt=\"\" class=\"wp-image-901\" srcset=\"https:\/\/aknotraction.hr\/wp-content\/uploads\/2024\/06\/viber_slika_2024-06-22_12-51-13-003-1024x582.jpg 1024w, https:\/\/aknotraction.hr\/wp-content\/uploads\/2024\/06\/viber_slika_2024-06-22_12-51-13-003-300x171.jpg 300w, https:\/\/aknotraction.hr\/wp-content\/uploads\/2024\/06\/viber_slika_2024-06-22_12-51-13-003-768x437.jpg 768w, https:\/\/aknotraction.hr\/wp-content\/uploads\/2024\/06\/viber_slika_2024-06-22_12-51-13-003-1536x874.jpg 1536w, https:\/\/aknotraction.hr\/wp-content\/uploads\/2024\/06\/viber_slika_2024-06-22_12-51-13-003.jpg 1600w\" sizes=\"(max-width: 1024px) 100vw, 1024px\" \/><\/figure>\n<\/figure>\n\n\n\n<p><br>\u017dao nam je, online prijave su zatvorene.<\/p>\n\n\n\n<p>\ud83d\udcc6 Datum: 3. i 4. kolovoza 2024. <\/p>\n\n\n\n<p>Ako ste propustili online prijavu, ne brinite! Jo\u0161 uvijek mo\u017eete sudjelovati u na\u0161em doga\u0111aju. <br>Na dan eventa \u010dlanarina \u0107e biti 30\u20ac, no imajte na umu da ne mo\u017eemo garantirati dostupnost slu\u017ebene majice. <br>Preostala slobodna mjesta \u0107e se popunjavati po principu tko prvi.<\/p>\n\n\n\n<p>\u010clanarina za svaku osobu koja posje\u0107uje event iznosi samo 5\u20ac, a ova povoljna cijena vrijedi za cijelo vrijeme trajanja eventa. <\/p>\n\n\n\n<p>Molimo za razumijevanje i veselimo se va\u0161em dolasku.<\/p>\n\n\n\n<p><\/p>\n","protected":false},"excerpt":{"rendered":"<p>\u017dao nam je, online prijave su zatvorene. \ud83d\udcc6 Datum: 3. i 4. kolovoza 2024. Ako ste propustili online prijavu, ne brinite! Jo\u0161 uvijek mo\u017eete sudjelovati u na\u0161em doga\u0111aju. Na dan eventa \u010dlanarina \u0107e biti 30\u20ac, no imajte na umu da ne mo\u017eemo garantirati dostupnost slu\u017ebene majice. Preostala slobodna mjesta \u0107e se popunjavati po principu tko prvi. \u010clanarina za svaku osobu koja posje\u0107uje event iznosi samo 5\u20ac, a ova povoljna cijena vrijedi za cijelo vrijeme trajanja eventa. Molimo za razumijevanje i veselimo se va\u0161em dolasku.<\/p>\n","protected":false},"author":1,"featured_media":0,"parent":0,"menu_order":0,"comment_status":"closed","ping_status":"closed","template":"","meta":{"_eb_attr":"","om_disable_all_campaigns":false,"_monsterinsights_skip_tracking":false,"_monsterinsights_sitenote_active":false,"_monsterinsights_sitenote_note":"","_monsterinsights_sitenote_category":0,"footnotes":""},"class_list":["post-900","page","type-page","status-publish","hentry"],"aioseo_notices":[],"rttpg_featured_image_url":null,"rttpg_author":{"display_name":"admin","author_link":"https:\/\/aknotraction.hr\/?author=1"},"rttpg_comment":0,"rttpg_category":null,"rttpg_excerpt":"\u017dao nam je, online prijave su zatvorene. \ud83d\udcc6 Datum: 3. i 4. kolovoza 2024. Ako ste propustili online prijavu, ne brinite! Jo\u0161 uvijek mo\u017eete sudjelovati u na\u0161em doga\u0111aju. Na dan eventa \u010dlanarina \u0107e biti 30\u20ac, no imajte na umu da ne mo\u017eemo garantirati dostupnost slu\u017ebene majice. Preostala slobodna mjesta \u0107e se popunjavati po principu tko&hellip;","_links":{"self":[{"href":"https:\/\/aknotraction.hr\/index.php?rest_route=\/wp\/v2\/pages\/900","targetHints":{"allow":["GET"]}}],"collection":[{"href":"https:\/\/aknotraction.hr\/index.php?rest_route=\/wp\/v2\/pages"}],"about":[{"href":"https:\/\/aknotraction.hr\/index.php?rest_route=\/wp\/v2\/types\/page"}],"author":[{"embeddable":true,"href":"https:\/\/aknotraction.hr\/index.php?rest_route=\/wp\/v2\/users\/1"}],"replies":[{"embeddable":true,"href":"https:\/\/aknotraction.hr\/index.php?rest_route=%2Fwp%2Fv2%2Fcomments&post=900"}],"version-history":[{"count":4,"href":"https:\/\/aknotraction.hr\/index.php?rest_route=\/wp\/v2\/pages\/900\/revisions"}],"predecessor-version":[{"id":928,"href":"https:\/\/aknotraction.hr\/index.php?rest_route=\/wp\/v2\/pages\/900\/revisions\/928"}],"wp:attachment":[{"href":"https:\/\/aknotraction.hr\/index.php?rest_route=%2Fwp%2Fv2%2Fmedia&parent=900"}],"curies":[{"name":"wp","href":"https:\/\/api.w.org\/{rel}","templated":true}]}}