{"id":740,"date":"2023-01-06T19:52:42","date_gmt":"2023-01-06T19:52:42","guid":{"rendered":"https:\/\/aknotraction.hr\/?page_id=740"},"modified":"2023-01-06T19:54:40","modified_gmt":"2023-01-06T19:54:40","slug":"kodeks-ponasanja","status":"publish","type":"page","link":"https:\/\/aknotraction.hr\/?page_id=740","title":{"rendered":"Kodeks pona\u0161anja"},"content":{"rendered":"\n<p><\/p>\n\n\n\n<p>\u200b<\/p>\n\n\n\n<p>Auto Klub No Traction (u daljem tekstu: Klub) mjesto je nulte tolerancije nasilja, mobbinga i diskriminacije na bilo kojoj osnovi (rasnoj, spolnoj, vjerskoj, sportskim sposobnostima \u2026). Ovim kodeksom utvr\u0111uju se pravila pona\u0161anja natjecatelja i drugih \u010dlanova Kluba, u pogledu ostvarivanja ciljeva i djelatnosti Kluba odre\u0111enih Statutom Udruge, te po\u0161tivanja odnosno izvr\u0161avanja njihovih prava, obaveza, odgovornosti i du\u017enosti koji proizlaze iz zakona i drugih relevantnih akata.<\/p>\n\n\n\n<p>\u200bOsnovni cilj ovog kodeksa je promocija osnovnih elemenata izgradnje karaktera i sportske etike, koji su sadr\u017eani u konceptu sportskog pona\u0161anja, u klju\u010dnim principima: povjerenje, po\u0161tovanje, odgovornost, transparentnost, pravednost, briga i socijalizacija.<\/p>\n\n\n\n<p>Svi natjecatelji i drugi \u010dlanovi Kluba prihva\u0107aju kao izra\u017eenu volju ovaj kodeks s danom njegovog objavljivanja na slu\u017ebenoj internetskoj stranici Kluba.<\/p>\n\n\n\n<p>\u200b\u010clanak 1.<\/p>\n\n\n\n<p>Redovni \u010dlanovi Kluba du\u017eni su pridr\u017eavati se pravila iz kodeksa pona\u0161anja na\u0161eg Kluba u svim prilikama i za sve vrijeme \u010dlanstva, a to podrazumijeva:<\/p>\n\n\n\n<p>\u00a0\u00b7 Pridr\u017eavati se odredbi \u010cl.12 Statuta AK No Traction, a vezano za prava i obveze \u010dlanova<\/p>\n\n\n\n<p>\u00b7 \u00a0U svakoj prilici govoriti pozitivno o Klubu, \u0161tititi interese kluba i suzdr\u017eati se komentara pred osobama izvan kluba.<\/p>\n\n\n\n<p>\u00b7 \u00a0Prisustvovati doga\u0111ajima od javnog interesa na koje su pozvani i na taj na\u010din promovirati i Klub i sebe osobno.<\/p>\n\n\n\n<p>\u00b7 \u00a0Pona\u0161ati se sportski i dostojanstveno kako u pobijedi tako i u porazu.<\/p>\n\n\n\n<p>\u00b7 \u00a0\u010cuvati i biti odgovoran prema imovini kuba.<\/p>\n\n\n\n<p>\u00b7 \u00a0Pona\u0161ati se u skladu pravilnika: FIAe, HAKSa i Statuta kluba.<\/p>\n\n\n\n<p>\u00b7 \u00a0Po\u0161tivati Zakon o sigurnosti prometa na cestama, pogotovo ukoliko je automobil ozna\u010den klubskim oznakama.<\/p>\n\n\n\n<p>\u00b7 \u00a0Po\u0161tivati sva ostala djela kako pojedinaca tako i kluba koja nisu u suprotnosti s moralnim normama prihva\u0107enim u dru\u0161tvu, te djela koja su zakonom utvr\u0111ena kao kaznena djela.<\/p>\n\n\n\n<p>\u00b7 \u00a0Pla\u0107ati godi\u0161nju \u010dlanarinu<\/p>\n\n\n\n<p>\u00b7 \u00a0Vo\u017enja automobila za utrke u skladu sa tehni\u010dkim pravilnikom klase tj. grupe u kojoj voza\u010d nastupa. Direktno isklju\u010denje iz Kluba i ukidanje voza\u010dke licence ukoliko se utvrdi varanje na natjecanjima na kojima Klub sudjeluje.<\/p>\n\n\n\n<p>\u00b7 \u00a0Isticanje naljepnica ili na neki drugi na\u010din sponzora Kluba za koje se Klub obavezao da \u0107e ih imati svi natjecatelji kluba, te obaveza no\u0161enja obilje\u017eja kluba na automobilima i po mogu\u0107nosti i na slu\u017ebenoj odje\u0107i.<\/p>\n\n\n\n<p>\u00b7 \u00a0Obavezno prisustvovanje na podjeli nagrada, kako na utrci tako i na zavr\u0161nom progla\u0161enju<\/p>\n\n\n\n<p>\u00b7 \u00a0Sportsko pona\u0161anje, prihva\u0107anje i provo\u0111enje odluka kluba. Aktivno sudjelovati u svim aktivnostima kuba<\/p>\n\n\n\n<p>\u010clanak 2.<br>Obaveze Kluba prema Voza\u010du i ostalim aktivnim \u010dlanovima<\/p>\n\n\n\n<p>\u00b7 \u00a0Uredna registracija Voza\u010da u nacionalnom savezu, HAKS<\/p>\n\n\n\n<p>\u00b7 \u00a0Slanje na vrijeme i uredno popunjenih prijava za utrke na kojima Voza\u010d nastupa<\/p>\n\n\n\n<p>\u00b7 \u00a0Redovito izvje\u0161tavanje medija (tiskanih i elektronskih) o postignutim rezultatima<\/p>\n\n\n\n<p>\u00b7 \u00a0Sukladno financijskim mogu\u0107nostima kluba i odlukama uprave; pla\u0107anje tro\u0161kova vezanih uz nastup na utrkama<\/p>\n\n\n\n<p>\u200b\u010clanak 3.<br>Svako naru\u0161avanje odredbi ovog Kodeksa je klupski prekr\u0161aj i automatski dovodi do sankcija prema prekr\u0161iocu, o \u010demu odluku donosi Skup\u0161tina.<\/p>\n\n\n\n<p>\u200b\u010clanak 4.<br>Ovaj kodeks stupa na snagu danom objave na slu\u017ebenoj internet stranici Kluba.<\/p>\n","protected":false},"excerpt":{"rendered":"<p>\u200b Auto Klub No Traction (u daljem tekstu: Klub) mjesto je nulte tolerancije nasilja, mobbinga i diskriminacije na bilo kojoj osnovi (rasnoj, spolnoj, vjerskoj, sportskim sposobnostima \u2026). Ovim kodeksom utvr\u0111uju se pravila pona\u0161anja natjecatelja i drugih \u010dlanova Kluba, u pogledu ostvarivanja ciljeva i djelatnosti Kluba odre\u0111enih Statutom Udruge, te po\u0161tivanja odnosno izvr\u0161avanja njihovih prava, obaveza, odgovornosti i du\u017enosti koji proizlaze iz zakona i drugih relevantnih akata. \u200bOsnovni cilj ovog kodeksa je promocija osnovnih elemenata izgradnje karaktera i sportske etike, koji su sadr\u017eani u konceptu sportskog pona\u0161anja, u klju\u010dnim principima: povjerenje, po\u0161tovanje, odgovornost, transparentnost, pravednost, briga i socijalizacija. Svi natjecatelji&hellip;<\/p>\n","protected":false},"author":1,"featured_media":0,"parent":0,"menu_order":0,"comment_status":"closed","ping_status":"closed","template":"","meta":{"_eb_attr":"","om_disable_all_campaigns":false,"_monsterinsights_skip_tracking":false,"_monsterinsights_sitenote_active":false,"_monsterinsights_sitenote_note":"","_monsterinsights_sitenote_category":0,"footnotes":""},"class_list":["post-740","page","type-page","status-publish","hentry"],"aioseo_notices":[],"rttpg_featured_image_url":null,"rttpg_author":{"display_name":"admin","author_link":"https:\/\/aknotraction.hr\/?author=1"},"rttpg_comment":0,"rttpg_category":null,"rttpg_excerpt":"\u200b Auto Klub No Traction (u daljem tekstu: Klub) mjesto je nulte tolerancije nasilja, mobbinga i diskriminacije na bilo kojoj osnovi (rasnoj, spolnoj, vjerskoj, sportskim sposobnostima \u2026). Ovim kodeksom utvr\u0111uju se pravila pona\u0161anja natjecatelja i drugih \u010dlanova Kluba, u pogledu ostvarivanja ciljeva i djelatnosti Kluba odre\u0111enih Statutom Udruge, te po\u0161tivanja odnosno izvr\u0161avanja njihovih prava, obaveza,&hellip;","_links":{"self":[{"href":"https:\/\/aknotraction.hr\/index.php?rest_route=\/wp\/v2\/pages\/740","targetHints":{"allow":["GET"]}}],"collection":[{"href":"https:\/\/aknotraction.hr\/index.php?rest_route=\/wp\/v2\/pages"}],"about":[{"href":"https:\/\/aknotraction.hr\/index.php?rest_route=\/wp\/v2\/types\/page"}],"author":[{"embeddable":true,"href":"https:\/\/aknotraction.hr\/index.php?rest_route=\/wp\/v2\/users\/1"}],"replies":[{"embeddable":true,"href":"https:\/\/aknotraction.hr\/index.php?rest_route=%2Fwp%2Fv2%2Fcomments&post=740"}],"version-history":[{"count":1,"href":"https:\/\/aknotraction.hr\/index.php?rest_route=\/wp\/v2\/pages\/740\/revisions"}],"predecessor-version":[{"id":741,"href":"https:\/\/aknotraction.hr\/index.php?rest_route=\/wp\/v2\/pages\/740\/revisions\/741"}],"wp:attachment":[{"href":"https:\/\/aknotraction.hr\/index.php?rest_route=%2Fwp%2Fv2%2Fmedia&parent=740"}],"curies":[{"name":"wp","href":"https:\/\/api.w.org\/{rel}","templated":true}]}}