{"id":732,"date":"2023-01-06T12:59:29","date_gmt":"2023-01-06T12:59:29","guid":{"rendered":"https:\/\/aknotraction.hr\/?page_id=732"},"modified":"2023-01-06T13:00:46","modified_gmt":"2023-01-06T13:00:46","slug":"o-nama","status":"publish","type":"page","link":"https:\/\/aknotraction.hr\/?page_id=732","title":{"rendered":"O NAMA"},"content":{"rendered":"\n<figure class=\"wp-block-image size-large\"><img fetchpriority=\"high\" decoding=\"async\" width=\"1024\" height=\"577\" src=\"https:\/\/aknotraction.hr\/wp-content\/uploads\/2022\/12\/299814378_600742904946303_4317261676693154885_n-1024x577.jpg\" alt=\"\" class=\"wp-image-526\" srcset=\"https:\/\/aknotraction.hr\/wp-content\/uploads\/2022\/12\/299814378_600742904946303_4317261676693154885_n-1024x577.jpg 1024w, https:\/\/aknotraction.hr\/wp-content\/uploads\/2022\/12\/299814378_600742904946303_4317261676693154885_n-300x169.jpg 300w, https:\/\/aknotraction.hr\/wp-content\/uploads\/2022\/12\/299814378_600742904946303_4317261676693154885_n-768x433.jpg 768w, https:\/\/aknotraction.hr\/wp-content\/uploads\/2022\/12\/299814378_600742904946303_4317261676693154885_n.jpg 1440w\" sizes=\"(max-width: 1024px) 100vw, 1024px\" \/><\/figure>\n\n\n\n<p>Udruga AK No Traction je neprofitna udruga koja je osnovana 2014. godine s ciljem promicanja Drift automobilizma u Istarskoj \u017eupaniji. Prema Statutu udruge, glavne djelatnosti udruge su okupljanje ljubitelja auto-moto svijeta koje poti\u010du zajedni\u010dka dru\u017eenja; razmjenu informacija i iskustava izme\u0111u \u010dlanova udruge u svezi nabave, servisiranja, osiguranja i za\u0161tite vozila; ostvarivanje prijateljskih odnosa s auto-moto klubovima u zemlji i inozemstvu te ostvarivanje suradnje s tvrtkama koje se bave djelatnostima vezanim za osobna vozila.<\/p>\n\n\n\n<p><a href=\"https:\/\/aknotraction.hr\/?page_id=614\" data-type=\"page\" data-id=\"614\">Pridru\u017ei nam se<\/a><\/p>\n\n\n<div\n    class=\"root-eb-social-share-7o0qebp wp-block-essential-blocks-social-share\">\n    <div class=\"eb-parent-wrapper eb-parent-eb-social-share-7o0qebp\">\n        <div\n            class=\"eb-social-share-7o0qebp eb-social-share-wrapper\">\n            <ul class=\"eb-social-shares\">\n                                    <li>\n                        <a class=\"facebook-f-original \"\n                            href=https:\/\/www.facebook.com\/sharer\/sharer.php?u=https:\/\/aknotraction.hr\/?page_id=732                            target=\"_blank\" rel=\"nofollow noopener noreferrer\">\n                            <i class=\"fab fa-facebook-f hvr-icon eb-social-share-icon\"><\/i>                                                    <\/a>\n                    <\/li>\n                                    <li>\n                        <a class=\"twitter-original \"\n                            href=https:\/\/twitter.com\/share?text=O%20NAMA&#038;url=https:\/\/aknotraction.hr\/?page_id=732                            target=\"_blank\" rel=\"nofollow noopener noreferrer\">\n                            <i class=\"fab fa-twitter hvr-icon eb-social-share-icon\"><\/i>                                                    <\/a>\n                    <\/li>\n                                    <li>\n                        <a class=\"linkedin-in-original \"\n                            href=https:\/\/www.linkedin.com\/shareArticle?title=O%20NAMA&#038;url=https:\/\/aknotraction.hr\/?page_id=732&#038;mini=true                            target=\"_blank\" rel=\"nofollow noopener noreferrer\">\n                            <i class=\"fab fa-linkedin-in hvr-icon eb-social-share-icon\"><\/i>                                                    <\/a>\n                    <\/li>\n                                    <li>\n                        <a class=\"whatsapp-original \"\n                            href=https:\/\/api.whatsapp.com\/send?text=O%20NAMA%20https:\/\/aknotraction.hr\/?page_id=732                            target=\"_blank\" rel=\"nofollow noopener noreferrer\">\n                            <i class=\"fab fa-whatsapp hvr-icon eb-social-share-icon\"><\/i>                                                    <\/a>\n                    <\/li>\n                            <\/ul>\n        <\/div>\n    <\/div>\n<\/div>","protected":false},"excerpt":{"rendered":"<p>Udruga AK No Traction je neprofitna udruga koja je osnovana 2014. godine s ciljem promicanja Drift automobilizma u Istarskoj \u017eupaniji. Prema Statutu udruge, glavne djelatnosti udruge su okupljanje ljubitelja auto-moto svijeta koje poti\u010du zajedni\u010dka dru\u017eenja; razmjenu informacija i iskustava izme\u0111u \u010dlanova udruge u svezi nabave, servisiranja, osiguranja i za\u0161tite vozila; ostvarivanje prijateljskih odnosa s auto-moto klubovima u zemlji i inozemstvu te ostvarivanje suradnje s tvrtkama koje se bave djelatnostima vezanim za osobna vozila. Pridru\u017ei nam se<\/p>\n","protected":false},"author":1,"featured_media":0,"parent":0,"menu_order":0,"comment_status":"closed","ping_status":"closed","template":"","meta":{"_eb_attr":"","om_disable_all_campaigns":false,"_monsterinsights_skip_tracking":false,"_monsterinsights_sitenote_active":false,"_monsterinsights_sitenote_note":"","_monsterinsights_sitenote_category":0,"footnotes":""},"class_list":["post-732","page","type-page","status-publish","hentry"],"aioseo_notices":[],"rttpg_featured_image_url":null,"rttpg_author":{"display_name":"admin","author_link":"https:\/\/aknotraction.hr\/?author=1"},"rttpg_comment":0,"rttpg_category":null,"rttpg_excerpt":"Udruga AK No Traction je neprofitna udruga koja je osnovana 2014. godine s ciljem promicanja Drift automobilizma u Istarskoj \u017eupaniji. Prema Statutu udruge, glavne djelatnosti udruge su okupljanje ljubitelja auto-moto svijeta koje poti\u010du zajedni\u010dka dru\u017eenja; razmjenu informacija i iskustava izme\u0111u \u010dlanova udruge u svezi nabave, servisiranja, osiguranja i za\u0161tite vozila; ostvarivanje prijateljskih odnosa s auto-moto&hellip;","_links":{"self":[{"href":"https:\/\/aknotraction.hr\/index.php?rest_route=\/wp\/v2\/pages\/732","targetHints":{"allow":["GET"]}}],"collection":[{"href":"https:\/\/aknotraction.hr\/index.php?rest_route=\/wp\/v2\/pages"}],"about":[{"href":"https:\/\/aknotraction.hr\/index.php?rest_route=\/wp\/v2\/types\/page"}],"author":[{"embeddable":true,"href":"https:\/\/aknotraction.hr\/index.php?rest_route=\/wp\/v2\/users\/1"}],"replies":[{"embeddable":true,"href":"https:\/\/aknotraction.hr\/index.php?rest_route=%2Fwp%2Fv2%2Fcomments&post=732"}],"version-history":[{"count":1,"href":"https:\/\/aknotraction.hr\/index.php?rest_route=\/wp\/v2\/pages\/732\/revisions"}],"predecessor-version":[{"id":733,"href":"https:\/\/aknotraction.hr\/index.php?rest_route=\/wp\/v2\/pages\/732\/revisions\/733"}],"wp:attachment":[{"href":"https:\/\/aknotraction.hr\/index.php?rest_route=%2Fwp%2Fv2%2Fmedia&parent=732"}],"curies":[{"name":"wp","href":"https:\/\/api.w.org\/{rel}","templated":true}]}}