{"id":670,"date":"2023-01-05T22:57:46","date_gmt":"2023-01-05T22:57:46","guid":{"rendered":"https:\/\/aknotraction.hr\/?page_id=670"},"modified":"2026-01-18T20:06:30","modified_gmt":"2026-01-18T20:06:30","slug":"uputstva-za-uplatu-clanarine","status":"publish","type":"page","link":"https:\/\/aknotraction.hr\/?page_id=670","title":{"rendered":"Uputstva za uplatu \u010dlanarine"},"content":{"rendered":"\n<p>Odlukom Skup\u0161tine, \u010dlanarina za 2026. godinu iznosi <strong>30,00\u20ac za postoje\u0107e \u010dlanove, i 40,00\u20ac za nove \u010dlanove. <\/strong><br><strong>\u010clanarinu je potrebno uplatiti najkasnije do 31.03.2026. godine.<\/strong><\/p>\n\n\n\n<div style=\"height:28px\" aria-hidden=\"true\" class=\"wp-block-spacer\"><\/div>\n\n\n\n<div class=\"wp-block-group\"><div class=\"wp-block-group__inner-container is-layout-constrained wp-block-group-is-layout-constrained\">\n<div class=\"wp-block-columns is-layout-flex wp-container-core-columns-is-layout-9d6595d7 wp-block-columns-is-layout-flex\">\n<div class=\"wp-block-column is-layout-flow wp-block-column-is-layout-flow\">\n<p class=\"has-medium-font-size\"><strong>Postoje\u0107i \u010dlanovi<\/strong><br>30,00\u20ac<br><\/p>\n\n\n\n<p><br>Podaci za uplatu:<\/p>\n\n\n\n<p>AK NO TRACTION<br>Jeromelina 34, Pula<br>IBAN HR4723600001102460299<br>Model i poziv na broj: HR00 2026<br>Opis pla\u0107anja: \u010clanarina za 2026 &#8211; Ime i prezime<\/p>\n\n\n\n<figure class=\"wp-block-gallery has-nested-images columns-default is-cropped wp-block-gallery-1 is-layout-flex wp-block-gallery-is-layout-flex\">\n<figure class=\"wp-block-image size-full\"><img fetchpriority=\"high\" decoding=\"async\" width=\"786\" height=\"450\" data-id=\"958\" src=\"https:\/\/aknotraction.hr\/wp-content\/uploads\/2026\/01\/Snimka-zaslona-2026-01-18-210335.png\" alt=\"\" class=\"wp-image-958\" srcset=\"https:\/\/aknotraction.hr\/wp-content\/uploads\/2026\/01\/Snimka-zaslona-2026-01-18-210335.png 786w, https:\/\/aknotraction.hr\/wp-content\/uploads\/2026\/01\/Snimka-zaslona-2026-01-18-210335-300x172.png 300w, https:\/\/aknotraction.hr\/wp-content\/uploads\/2026\/01\/Snimka-zaslona-2026-01-18-210335-768x440.png 768w\" sizes=\"(max-width: 786px) 100vw, 786px\" \/><\/figure>\n<\/figure>\n<\/div>\n\n\n\n<div class=\"wp-block-column is-layout-flow wp-block-column-is-layout-flow\">\n<p class=\"has-medium-font-size\"><strong>Novi \u010dlanovi<\/strong><br>40,00\u20ac <br>(10,00\u20ac upisnina + 30,00\u20ac \u010dlanarina)<br><\/p>\n\n\n\n<p>Podaci za uplatu:<\/p>\n\n\n\n<p>AK NO TRACTION<br>Jeromelina 34, Pula<br>IBAN HR4723600001102460299<br>Model i poziv na broj: HR00 2026<br>Opis pla\u0107anja: \u010clanarina za 2026 &#8211; Ime i prezime<\/p>\n\n\n\n<figure class=\"wp-block-image size-full\"><img decoding=\"async\" width=\"781\" height=\"455\" src=\"https:\/\/aknotraction.hr\/wp-content\/uploads\/2026\/01\/Snimka-zaslona-2026-01-18-210319.png\" alt=\"\" class=\"wp-image-959\" srcset=\"https:\/\/aknotraction.hr\/wp-content\/uploads\/2026\/01\/Snimka-zaslona-2026-01-18-210319.png 781w, https:\/\/aknotraction.hr\/wp-content\/uploads\/2026\/01\/Snimka-zaslona-2026-01-18-210319-300x175.png 300w, https:\/\/aknotraction.hr\/wp-content\/uploads\/2026\/01\/Snimka-zaslona-2026-01-18-210319-768x447.png 768w\" sizes=\"(max-width: 781px) 100vw, 781px\" \/><\/figure>\n<\/div>\n<\/div>\n<\/div><\/div>\n","protected":false},"excerpt":{"rendered":"<p>Odlukom Skup\u0161tine, \u010dlanarina za 2026. godinu iznosi 30,00\u20ac za postoje\u0107e \u010dlanove, i 40,00\u20ac za nove \u010dlanove. \u010clanarinu je potrebno uplatiti najkasnije do 31.03.2026. godine. Postoje\u0107i \u010dlanovi30,00\u20ac Podaci za uplatu: AK NO TRACTIONJeromelina 34, PulaIBAN HR4723600001102460299Model i poziv na broj: HR00 2026Opis pla\u0107anja: \u010clanarina za 2026 &#8211; Ime i prezime Novi \u010dlanovi40,00\u20ac (10,00\u20ac upisnina + 30,00\u20ac \u010dlanarina) Podaci za uplatu: AK NO TRACTIONJeromelina 34, PulaIBAN HR4723600001102460299Model i poziv na broj: HR00 2026Opis pla\u0107anja: \u010clanarina za 2026 &#8211; Ime i prezime<\/p>\n","protected":false},"author":1,"featured_media":0,"parent":0,"menu_order":0,"comment_status":"closed","ping_status":"closed","template":"","meta":{"_eb_attr":"","om_disable_all_campaigns":false,"_monsterinsights_skip_tracking":false,"_monsterinsights_sitenote_active":false,"_monsterinsights_sitenote_note":"","_monsterinsights_sitenote_category":0,"footnotes":""},"class_list":["post-670","page","type-page","status-publish","hentry"],"aioseo_notices":[],"rttpg_featured_image_url":null,"rttpg_author":{"display_name":"admin","author_link":"https:\/\/aknotraction.hr\/?author=1"},"rttpg_comment":0,"rttpg_category":null,"rttpg_excerpt":"Odlukom Skup\u0161tine, \u010dlanarina za 2026. godinu iznosi 30,00\u20ac za postoje\u0107e \u010dlanove, i 40,00\u20ac za nove \u010dlanove. \u010clanarinu je potrebno uplatiti najkasnije do 31.03.2026. godine. Postoje\u0107i \u010dlanovi30,00\u20ac Podaci za uplatu: AK NO TRACTIONJeromelina 34, PulaIBAN HR4723600001102460299Model i poziv na broj: HR00 2026Opis pla\u0107anja: \u010clanarina za 2026 &#8211; Ime i prezime Novi \u010dlanovi40,00\u20ac (10,00\u20ac upisnina + 30,00\u20ac&hellip;","_links":{"self":[{"href":"https:\/\/aknotraction.hr\/index.php?rest_route=\/wp\/v2\/pages\/670","targetHints":{"allow":["GET"]}}],"collection":[{"href":"https:\/\/aknotraction.hr\/index.php?rest_route=\/wp\/v2\/pages"}],"about":[{"href":"https:\/\/aknotraction.hr\/index.php?rest_route=\/wp\/v2\/types\/page"}],"author":[{"embeddable":true,"href":"https:\/\/aknotraction.hr\/index.php?rest_route=\/wp\/v2\/users\/1"}],"replies":[{"embeddable":true,"href":"https:\/\/aknotraction.hr\/index.php?rest_route=%2Fwp%2Fv2%2Fcomments&post=670"}],"version-history":[{"count":9,"href":"https:\/\/aknotraction.hr\/index.php?rest_route=\/wp\/v2\/pages\/670\/revisions"}],"predecessor-version":[{"id":961,"href":"https:\/\/aknotraction.hr\/index.php?rest_route=\/wp\/v2\/pages\/670\/revisions\/961"}],"wp:attachment":[{"href":"https:\/\/aknotraction.hr\/index.php?rest_route=%2Fwp%2Fv2%2Fmedia&parent=670"}],"curies":[{"name":"wp","href":"https:\/\/api.w.org\/{rel}","templated":true}]}}